{"id":2597,"date":"2025-05-28T01:34:54","date_gmt":"2025-05-27T23:34:54","guid":{"rendered":"https:\/\/mtkstudio.es\/?page_id=2597"},"modified":"2026-02-24T10:21:53","modified_gmt":"2026-02-24T09:21:53","slug":"politica-de-cookies-ue","status":"publish","type":"page","link":"https:\/\/mtkstudio.es\/en\/politica-de-cookies-ue\/","title":{"rendered":"Pol\u00edtica de cookies (UE)"},"content":{"rendered":"<div data-elementor-type=\"wp-page\" data-elementor-id=\"2597\" class=\"elementor elementor-2597\">\n\t\t\t\t<div class=\"elementor-element elementor-element-68323dc e-flex e-con-boxed e-con e-parent\" data-id=\"68323dc\" data-element_type=\"container\" data-e-type=\"container\">\n\t\t\t\t\t<div class=\"e-con-inner\">\n\t\t\t\t<div class=\"elementor-element elementor-element-614acca elementor-widget elementor-widget-text-editor\" data-id=\"614acca\" data-element_type=\"widget\" data-e-type=\"widget\" data-widget_type=\"text-editor.default\">\n\t\t\t\t<div class=\"elementor-widget-container\">\n\t\t\t\t\t\t\t\t\t<h2 data-start=\"196\" data-end=\"209\"><strong data-start=\"196\" data-end=\"209\">1. Objeto<\/strong><\/h2><p data-start=\"211\" data-end=\"618\">La presente Pol\u00edtica de Cookies forma parte integrante de las Condiciones de Uso y la Pol\u00edtica de Privacidad del sitio web <a class=\"\" href=\"https:\/\/mtkstudio.es\/en\/\" target=\"_new\" rel=\"noopener\" data-start=\"334\" data-end=\"350\">www.mtkstudio.es<\/a> (en adelante, el \u00abSitio Web\u00bb o la \u00abP\u00e1gina Web\u00bb). El acceso, la navegaci\u00f3n y el uso de los servicios del Sitio Web implican la aceptaci\u00f3n de los t\u00e9rminos recogidos en las Condiciones de Uso, la Pol\u00edtica de Privacidad y, dentro de esta, la presente Pol\u00edtica de Cookies.<\/p><p data-start=\"620\" data-end=\"890\">Con el fin de facilitar la navegaci\u00f3n y mejorar la experiencia del usuario, el titular del Sitio Web, MTK STUDIO S.C., con CIF J53610010 y domicilio en Plaza de la Merced 3, 29012, M\u00e1laga, le informa de que utiliza cookies y otras tecnolog\u00edas similares (en adelante, \u00abcookies\u00bb).<\/p><p data-start=\"892\" data-end=\"1070\">Este documento tiene como finalidad ofrecerle toda la informaci\u00f3n necesaria para comprender qu\u00e9 son las cookies, qu\u00e9 tipo se utilizan en este Sitio Web y c\u00f3mo puede gestionarlas.<\/p><h2 data-start=\"1077\" data-end=\"1103\"><strong data-start=\"1077\" data-end=\"1103\">2. Qu\u00e9 son las cookies<\/strong><\/h2><p data-start=\"1105\" data-end=\"1401\">Las cookies son peque\u00f1os archivos de texto que los sitios web almacenan en su dispositivo (ordenador, smartphone, tablet, etc.) durante su navegaci\u00f3n. Sirven para recordar sus preferencias, recopilar informaci\u00f3n estad\u00edstica, permitir funcionalidades t\u00e9cnicas o mostrarle publicidad personalizada.<\/p><p data-start=\"1403\" data-end=\"1710\">Seg\u00fan el Reglamento General de Protecci\u00f3n de Datos (RGPD), estos identificadores pueden asociarse a personas f\u00edsicas, permitiendo su identificaci\u00f3n y elaboraci\u00f3n de perfiles. Por ello, su tratamiento se realiza conforme a la normativa vigente, solicitando el consentimiento del usuario cuando sea necesario.<\/p><h2 data-start=\"1717\" data-end=\"1751\"><strong data-start=\"1717\" data-end=\"1751\">3. Tipos de cookies utilizadas<\/strong><\/h2><h4 data-start=\"1753\" data-end=\"1796\"><strong data-start=\"1753\" data-end=\"1796\">3.1. Seg\u00fan la entidad que las gestione:<\/strong><\/h4><ul data-start=\"1797\" data-end=\"1970\"><li data-start=\"1797\" data-end=\"1853\"><p data-start=\"1799\" data-end=\"1853\"><strong data-start=\"1799\" data-end=\"1818\">Cookies propias<\/strong>: gestionadas por <a class=\"\" href=\"https:\/\/mtkstudio.es\/en\/\" target=\"_new\" rel=\"noopener\" data-start=\"1836\" data-end=\"1852\">www.mtkstudio.es<\/a>.<\/p><\/li><li data-start=\"1854\" data-end=\"1970\"><p data-start=\"1856\" data-end=\"1970\"><strong data-start=\"1856\" data-end=\"1879\">Cookies de terceros<\/strong>: gestionadas por entidades externas como Google, Meta (Facebook e Instagram), entre otras.<\/p><\/li><\/ul><h4 data-start=\"1972\" data-end=\"2020\"><strong data-start=\"1972\" data-end=\"2020\">3.2. Seg\u00fan el tiempo que permanecen activas:<\/strong><\/h4><ul data-start=\"2021\" data-end=\"2181\"><li data-start=\"2021\" data-end=\"2081\"><p data-start=\"2023\" data-end=\"2081\"><strong data-start=\"2023\" data-end=\"2044\">Cookies de sesi\u00f3n<\/strong>: se eliminan al cerrar el navegador.<\/p><\/li><li data-start=\"2082\" data-end=\"2181\"><p data-start=\"2084\" data-end=\"2181\"><strong data-start=\"2084\" data-end=\"2108\">Cookies persistentes<\/strong>: permanecen almacenadas en su dispositivo durante un tiempo determinado.<\/p><\/li><\/ul><h4 data-start=\"2183\" data-end=\"2211\"><strong data-start=\"2183\" data-end=\"2211\">3.3. Seg\u00fan su finalidad:<\/strong><\/h4><ul data-start=\"2212\" data-end=\"2721\"><li data-start=\"2212\" data-end=\"2284\"><p data-start=\"2214\" data-end=\"2284\"><strong data-start=\"2214\" data-end=\"2234\">Cookies t\u00e9cnicas<\/strong>: necesarias para el funcionamiento del Sitio Web.<\/p><\/li><li data-start=\"2285\" data-end=\"2384\"><p data-start=\"2287\" data-end=\"2384\"><strong data-start=\"2287\" data-end=\"2317\">Cookies de personalizaci\u00f3n<\/strong>: permiten recordar sus preferencias (idioma, configuraci\u00f3n, etc.).<\/p><\/li><li data-start=\"2385\" data-end=\"2464\"><p data-start=\"2387\" data-end=\"2464\"><strong data-start=\"2387\" data-end=\"2410\">Cookies de an\u00e1lisis<\/strong>: recopilan datos estad\u00edsticos sobre el uso de la web.<\/p><\/li><li data-start=\"2465\" data-end=\"2541\"><p data-start=\"2467\" data-end=\"2541\"><strong data-start=\"2467\" data-end=\"2492\">Cookies publicitarias<\/strong>: gestionan los espacios publicitarios del sitio.<\/p><\/li><li data-start=\"2542\" data-end=\"2648\"><p data-start=\"2544\" data-end=\"2648\"><strong data-start=\"2544\" data-end=\"2584\">Cookies de publicidad comportamental<\/strong>: analizan su navegaci\u00f3n para mostrarle anuncios personalizados.<\/p><\/li><li data-start=\"2649\" data-end=\"2721\"><p data-start=\"2651\" data-end=\"2721\"><strong data-start=\"2651\" data-end=\"2671\">Cookies sociales<\/strong>: permiten compartir contenidos en redes sociales.<\/p><\/li><\/ul><h2 data-start=\"2728\" data-end=\"2771\"><strong data-start=\"2728\" data-end=\"2771\">4. Cookies utilizadas en este Sitio Web<\/strong><\/h2><div class=\"_tableContainer_16hzy_1\"><div class=\"_tableWrapper_16hzy_14 group flex w-fit flex-col-reverse\" tabindex=\"-1\"><table class=\"w-fit min-w-(--thread-content-width)\" data-start=\"2773\" data-end=\"4058\"><thead data-start=\"2773\" data-end=\"2981\"><tr data-start=\"2773\" data-end=\"2981\"><th data-start=\"2773\" data-end=\"2792\" data-col-size=\"sm\">Entidad<\/th><th data-start=\"2792\" data-end=\"2806\" data-col-size=\"sm\">Tipo<\/th><th data-start=\"2806\" data-end=\"2898\" data-col-size=\"md\">Prop\u00f3sito<\/th><th data-start=\"2898\" data-end=\"2981\" data-col-size=\"sm\">M\u00e1s informaci\u00f3n<\/th><\/tr><\/thead><tbody data-start=\"3192\" data-end=\"4058\"><tr data-start=\"3192\" data-end=\"3431\"><td data-start=\"3192\" data-end=\"3211\" data-col-size=\"sm\">Google Analytics<\/td><td data-start=\"3211\" data-end=\"3225\" data-col-size=\"sm\">De terceros<\/td><td data-start=\"3225\" data-end=\"3317\" data-col-size=\"md\">An\u00e1lisis estad\u00edstico del uso del sitio, mejora de servicios, publicidad personalizada<\/td><td data-start=\"3317\" data-end=\"3431\" data-col-size=\"sm\"><a class=\"\" href=\"https:\/\/analytics.google.com\" target=\"_new\" rel=\"noopener\" data-start=\"3319\" data-end=\"3367\">Google Analytics<\/a> \/ <a class=\"cursor-pointer\" target=\"_new\" rel=\"noopener\" data-start=\"3370\" data-end=\"3429\">Centro de Privacidad<\/a><\/td><\/tr><tr data-start=\"3432\" data-end=\"3640\"><td data-start=\"3432\" data-end=\"3451\" data-col-size=\"sm\">Facebook<\/td><td data-start=\"3451\" data-end=\"3465\" data-col-size=\"sm\">De terceros<\/td><td data-start=\"3465\" data-end=\"3557\" data-col-size=\"md\">Compartir contenido en la red social<\/td><td data-start=\"3557\" data-end=\"3640\" data-col-size=\"sm\"><a class=\"\" href=\"https:\/\/www.facebook.com\/policies\/cookies\/\" target=\"_new\" rel=\"noopener\" data-start=\"3559\" data-end=\"3621\">Facebook Cookies<\/a><\/td><\/tr><tr data-start=\"3641\" data-end=\"3848\"><td data-start=\"3641\" data-end=\"3660\" data-col-size=\"sm\">Instagram<\/td><td data-start=\"3660\" data-end=\"3674\" data-col-size=\"sm\">De terceros<\/td><td data-start=\"3674\" data-end=\"3766\" data-col-size=\"md\">Compartir contenido en la red social<\/td><td data-start=\"3766\" data-end=\"3848\" data-col-size=\"sm\"><a class=\"\" href=\"https:\/\/help.instagram.com\/1896641480634370\" target=\"_new\" rel=\"noopener\" data-start=\"3768\" data-end=\"3830\">Instagram Ayuda<\/a><\/td><\/tr><tr data-start=\"3849\" data-end=\"4058\"><td data-start=\"3849\" data-end=\"3868\" data-col-size=\"sm\">YouTube<\/td><td data-start=\"3868\" data-end=\"3882\" data-col-size=\"sm\">De terceros<\/td><td data-start=\"3882\" data-end=\"3973\" data-col-size=\"md\">Reproducci\u00f3n de v\u00eddeos y recopilaci\u00f3n de datos de navegaci\u00f3n<\/td><td data-start=\"3973\" data-end=\"4058\" data-col-size=\"sm\"><a class=\"cursor-pointer\" target=\"_new\" rel=\"noopener\" data-start=\"3975\" data-end=\"4056\">Pol\u00edtica de Cookies de Google<\/a><\/td><\/tr><\/tbody><\/table><div class=\"sticky end-(--thread-content-margin) h-0 self-end select-none\"><div class=\"absolute end-0 flex items-end\">\u00a0<\/div><\/div><\/div><\/div><h2 data-start=\"4065\" data-end=\"4117\"><strong data-start=\"4065\" data-end=\"4117\">5. C\u00f3mo deshabilitar las cookies en su navegador<\/strong><\/h2><p data-start=\"4119\" data-end=\"4276\">Puede configurar su navegador para permitir, bloquear o eliminar las cookies. A continuaci\u00f3n, encontrar\u00e1 los enlaces de ayuda de los principales navegadores:<\/p><ul data-start=\"4278\" data-end=\"4611\"><li data-start=\"4278\" data-end=\"4349\"><p data-start=\"4280\" data-end=\"4349\"><a class=\"\" href=\"https:\/\/support.google.com\/chrome\/answer\/95647?hl=es\" target=\"_new\" rel=\"noopener\" data-start=\"4280\" data-end=\"4349\">Google Chrome<\/a><\/p><\/li><li data-start=\"4350\" data-end=\"4451\"><p data-start=\"4352\" data-end=\"4451\"><a class=\"\" href=\"https:\/\/support.mozilla.org\/es\/kb\/cookies-informacion-que-los-sitios-web-guardan\" target=\"_new\" rel=\"noopener\" data-start=\"4352\" data-end=\"4451\">Mozilla Firefox<\/a><\/p><\/li><li data-start=\"4452\" data-end=\"4512\"><p data-start=\"4454\" data-end=\"4512\"><a class=\"\" href=\"https:\/\/support.apple.com\/es-es\/HT201265\" target=\"_new\" rel=\"noopener\" data-start=\"4454\" data-end=\"4512\">Safari (Apple)<\/a><\/p><\/li><li data-start=\"4513\" data-end=\"4611\"><p data-start=\"4515\" data-end=\"4611\"><a class=\"\" href=\"https:\/\/support.microsoft.com\/es-es\/help\/4027947\/microsoft-edge-delete-cookies\" target=\"_new\" rel=\"noopener\" data-start=\"4515\" data-end=\"4611\">Microsoft Edge<\/a><\/p><\/li><\/ul><p data-start=\"4613\" data-end=\"4728\">Para desactivar Google Analytics:<br data-start=\"4646\" data-end=\"4649\" \/><a class=\"\" href=\"https:\/\/tools.google.com\/dlpage\/gaoptout?hl=es\" target=\"_new\" rel=\"noopener\" data-start=\"4649\" data-end=\"4728\">Complemento de inhabilitaci\u00f3n<\/a><\/p><p data-start=\"4730\" data-end=\"4859\">Recuerde que, si desactiva las cookies, algunas funciones del sitio podr\u00edan no estar disponibles o funcionar de forma incorrecta.<\/p><h2 data-start=\"4866\" data-end=\"4914\"><strong data-start=\"4866\" data-end=\"4914\">6. Qu\u00e9 ocurre si se deshabilitan las cookies<\/strong><\/h2><p data-start=\"4916\" data-end=\"5159\">Podr\u00e1 seguir navegando por la web, pero ciertos servicios y funcionalidades podr\u00edan verse limitados. No podremos adaptar los contenidos a sus preferencias, ni realizar an\u00e1lisis estad\u00edsticos que nos permitan mejorar su experiencia como usuario.<\/p><p data-start=\"5161\" data-end=\"5355\">MTK Studio no se hace responsable de los problemas derivados de la desactivaci\u00f3n de cookies ni del contenido y veracidad de las pol\u00edticas de privacidad de terceros enlazados desde esta pol\u00edtica.<\/p><h2 data-start=\"5362\" data-end=\"5402\"><strong data-start=\"5362\" data-end=\"5402\">7. Cambios en la Pol\u00edtica de Cookies<\/strong><\/h2><p data-start=\"5404\" data-end=\"5663\">La presente pol\u00edtica es la versi\u00f3n 1.0 y est\u00e1 vigente desde el 28 de mayo de 2025. MTK Studio podr\u00e1 modificarla en cualquier momento, debido a cambios legislativos o nuevas funcionalidades del sitio web. Se recomienda revisar esta pol\u00edtica de forma peri\u00f3dica.<\/p><p data-start=\"5665\" data-end=\"5795\">En caso de modificaciones sustanciales, se notificar\u00e1 al usuario con antelaci\u00f3n, siempre que sea t\u00e9cnica y razonablemente posible.<\/p><h2 data-start=\"5802\" data-end=\"5852\"><strong data-start=\"5802\" data-end=\"5852\">8. Ejercicio de derechos en materia de cookies<\/strong><\/h2><p data-start=\"5854\" data-end=\"6045\">Puede conocer y ejercer sus derechos en materia de protecci\u00f3n de datos accediendo a nuestra <a class=\"cursor-pointer\" target=\"_new\" rel=\"noopener\" data-start=\"5946\" data-end=\"6003\">Pol\u00edtica de Privacidad<\/a> o contact\u00e1ndonos en <strong data-start=\"6024\" data-end=\"6044\"><a class=\"cursor-pointer\" rel=\"noopener\" data-start=\"6026\" data-end=\"6042\">mtk@mtkstudio.es<\/a><\/strong>.<\/p>\t\t\t\t\t\t\t\t<\/div>\n\t\t\t\t<\/div>\n\t\t\t\t\t<\/div>\n\t\t\t\t<\/div>\n\t\t\t\t<\/div>","protected":false},"excerpt":{"rendered":"<p>1. Objeto La presente Pol\u00edtica de Cookies forma parte integrante de las Condiciones de Uso y la Pol\u00edtica de Privacidad del sitio web www.mtkstudio.es (en adelante, el \u00abSitio Web\u00bb o la \u00abP\u00e1gina Web\u00bb). El acceso, la navegaci\u00f3n y el uso de los servicios del Sitio Web implican la aceptaci\u00f3n de los t\u00e9rminos recogidos en las [&hellip;]<\/p>","protected":false},"author":1,"featured_media":0,"parent":0,"menu_order":11,"comment_status":"closed","ping_status":"closed","template":"","meta":{"_uag_custom_page_level_css":"","footnotes":""},"class_list":["post-2597","page","type-page","status-publish","hentry"],"yoast_head":"<!-- This site is optimized with the Yoast SEO plugin v26.9 - https:\/\/yoast.com\/product\/yoast-seo-wordpress\/ -->\n<title>Pol\u00edtica de cookies (UE) - mtk studio<\/title>\n<meta name=\"robots\" content=\"index, follow, max-snippet:-1, max-image-preview:large, max-video-preview:-1\" \/>\n<link rel=\"canonical\" href=\"https:\/\/mtkstudio.es\/en\/politica-de-cookies-ue\/\" \/>\n<meta property=\"og:locale\" content=\"en_GB\" \/>\n<meta property=\"og:type\" content=\"article\" \/>\n<meta property=\"og:title\" content=\"Pol\u00edtica de cookies (UE) - mtk studio\" \/>\n<meta property=\"og:description\" content=\"1. Objeto La presente Pol\u00edtica de Cookies forma parte integrante de las Condiciones de Uso y la Pol\u00edtica de Privacidad del sitio web www.mtkstudio.es (en adelante, el \u00abSitio Web\u00bb o la \u00abP\u00e1gina Web\u00bb). El acceso, la navegaci\u00f3n y el uso de los servicios del Sitio Web implican la aceptaci\u00f3n de los t\u00e9rminos recogidos en las [&hellip;]\" \/>\n<meta property=\"og:url\" content=\"https:\/\/mtkstudio.es\/en\/politica-de-cookies-ue\/\" \/>\n<meta property=\"og:site_name\" content=\"mtk studio\" \/>\n<meta property=\"article:modified_time\" content=\"2026-02-24T09:21:53+00:00\" \/>\n<meta name=\"twitter:card\" content=\"summary_large_image\" \/>\n<meta name=\"twitter:label1\" content=\"Estimated reading time\" \/>\n\t<meta name=\"twitter:data1\" content=\"4 minutes\" \/>\n<script type=\"application\/ld+json\" class=\"yoast-schema-graph\">{\"@context\":\"https:\/\/schema.org\",\"@graph\":[{\"@type\":\"WebPage\",\"@id\":\"https:\/\/mtkstudio.es\/politica-de-cookies-ue\/\",\"url\":\"https:\/\/mtkstudio.es\/politica-de-cookies-ue\/\",\"name\":\"Pol\u00edtica de cookies (UE) - mtk studio\",\"isPartOf\":{\"@id\":\"https:\/\/mtkstudio.es\/#website\"},\"datePublished\":\"2025-05-27T23:34:54+00:00\",\"dateModified\":\"2026-02-24T09:21:53+00:00\",\"breadcrumb\":{\"@id\":\"https:\/\/mtkstudio.es\/politica-de-cookies-ue\/#breadcrumb\"},\"inLanguage\":\"en-GB\",\"potentialAction\":[{\"@type\":\"ReadAction\",\"target\":[\"https:\/\/mtkstudio.es\/politica-de-cookies-ue\/\"]}]},{\"@type\":\"BreadcrumbList\",\"@id\":\"https:\/\/mtkstudio.es\/politica-de-cookies-ue\/#breadcrumb\",\"itemListElement\":[{\"@type\":\"ListItem\",\"position\":1,\"name\":\"Portada\",\"item\":\"https:\/\/mtkstudio.es\/\"},{\"@type\":\"ListItem\",\"position\":2,\"name\":\"Pol\u00edtica de cookies (UE)\"}]},{\"@type\":\"WebSite\",\"@id\":\"https:\/\/mtkstudio.es\/#website\",\"url\":\"https:\/\/mtkstudio.es\/\",\"name\":\"mtk studio\",\"description\":\"Agencia de marketing\",\"publisher\":{\"@id\":\"https:\/\/mtkstudio.es\/#organization\"},\"potentialAction\":[{\"@type\":\"SearchAction\",\"target\":{\"@type\":\"EntryPoint\",\"urlTemplate\":\"https:\/\/mtkstudio.es\/?s={search_term_string}\"},\"query-input\":{\"@type\":\"PropertyValueSpecification\",\"valueRequired\":true,\"valueName\":\"search_term_string\"}}],\"inLanguage\":\"en-GB\"},{\"@type\":\"Organization\",\"@id\":\"https:\/\/mtkstudio.es\/#organization\",\"name\":\"mtk studio\",\"url\":\"https:\/\/mtkstudio.es\/\",\"logo\":{\"@type\":\"ImageObject\",\"inLanguage\":\"en-GB\",\"@id\":\"https:\/\/mtkstudio.es\/#\/schema\/logo\/image\/\",\"url\":\"https:\/\/mtkstudio.es\/wp-content\/uploads\/2025\/05\/cropped-Negro-Poppins-LETRAS-Mtk-Studio-1-scaled.png\",\"contentUrl\":\"https:\/\/mtkstudio.es\/wp-content\/uploads\/2025\/05\/cropped-Negro-Poppins-LETRAS-Mtk-Studio-1-scaled.png\",\"width\":2560,\"height\":464,\"caption\":\"mtk studio\"},\"image\":{\"@id\":\"https:\/\/mtkstudio.es\/#\/schema\/logo\/image\/\"}}]}<\/script>\n<!-- \/ Yoast SEO plugin. -->","yoast_head_json":{"title":"Pol\u00edtica de cookies (UE) - mtk studio","robots":{"index":"index","follow":"follow","max-snippet":"max-snippet:-1","max-image-preview":"max-image-preview:large","max-video-preview":"max-video-preview:-1"},"canonical":"https:\/\/mtkstudio.es\/en\/politica-de-cookies-ue\/","og_locale":"en_GB","og_type":"article","og_title":"Pol\u00edtica de cookies (UE) - mtk studio","og_description":"1. Objeto La presente Pol\u00edtica de Cookies forma parte integrante de las Condiciones de Uso y la Pol\u00edtica de Privacidad del sitio web www.mtkstudio.es (en adelante, el \u00abSitio Web\u00bb o la \u00abP\u00e1gina Web\u00bb). El acceso, la navegaci\u00f3n y el uso de los servicios del Sitio Web implican la aceptaci\u00f3n de los t\u00e9rminos recogidos en las [&hellip;]","og_url":"https:\/\/mtkstudio.es\/en\/politica-de-cookies-ue\/","og_site_name":"mtk studio","article_modified_time":"2026-02-24T09:21:53+00:00","twitter_card":"summary_large_image","twitter_misc":{"Estimated reading time":"4 minutes"},"schema":{"@context":"https:\/\/schema.org","@graph":[{"@type":"WebPage","@id":"https:\/\/mtkstudio.es\/politica-de-cookies-ue\/","url":"https:\/\/mtkstudio.es\/politica-de-cookies-ue\/","name":"Pol\u00edtica de cookies (UE) - mtk studio","isPartOf":{"@id":"https:\/\/mtkstudio.es\/#website"},"datePublished":"2025-05-27T23:34:54+00:00","dateModified":"2026-02-24T09:21:53+00:00","breadcrumb":{"@id":"https:\/\/mtkstudio.es\/politica-de-cookies-ue\/#breadcrumb"},"inLanguage":"en-GB","potentialAction":[{"@type":"ReadAction","target":["https:\/\/mtkstudio.es\/politica-de-cookies-ue\/"]}]},{"@type":"BreadcrumbList","@id":"https:\/\/mtkstudio.es\/politica-de-cookies-ue\/#breadcrumb","itemListElement":[{"@type":"ListItem","position":1,"name":"Portada","item":"https:\/\/mtkstudio.es\/"},{"@type":"ListItem","position":2,"name":"Pol\u00edtica de cookies (UE)"}]},{"@type":"WebSite","@id":"https:\/\/mtkstudio.es\/#website","url":"https:\/\/mtkstudio.es\/","name":"mtk studio","description":"Agencia de marketing","publisher":{"@id":"https:\/\/mtkstudio.es\/#organization"},"potentialAction":[{"@type":"SearchAction","target":{"@type":"EntryPoint","urlTemplate":"https:\/\/mtkstudio.es\/?s={search_term_string}"},"query-input":{"@type":"PropertyValueSpecification","valueRequired":true,"valueName":"search_term_string"}}],"inLanguage":"en-GB"},{"@type":"Organization","@id":"https:\/\/mtkstudio.es\/#organization","name":"mtk studio","url":"https:\/\/mtkstudio.es\/","logo":{"@type":"ImageObject","inLanguage":"en-GB","@id":"https:\/\/mtkstudio.es\/#\/schema\/logo\/image\/","url":"https:\/\/mtkstudio.es\/wp-content\/uploads\/2025\/05\/cropped-Negro-Poppins-LETRAS-Mtk-Studio-1-scaled.png","contentUrl":"https:\/\/mtkstudio.es\/wp-content\/uploads\/2025\/05\/cropped-Negro-Poppins-LETRAS-Mtk-Studio-1-scaled.png","width":2560,"height":464,"caption":"mtk studio"},"image":{"@id":"https:\/\/mtkstudio.es\/#\/schema\/logo\/image\/"}}]}},"_hostinger_reach_plugin_has_subscription_block":false,"_hostinger_reach_plugin_is_elementor":false,"uagb_featured_image_src":{"full":false,"thumbnail":false,"medium":false,"medium_large":false,"large":false,"1536x1536":false,"2048x2048":false,"trp-custom-language-flag":false,"_nx_notification_thumb_100_100":false,"_nx_notification_thumb_200_200":false,"_nx_notification_thumb_300_300":false,"_nx_notification_thumb_400_400":false,"_nx_notification_thumb_500_500":false},"uagb_author_info":{"display_name":"mtkstudio.es","author_link":"https:\/\/mtkstudio.es\/en\/author\/mtkstudio-es\/"},"uagb_comment_info":0,"uagb_excerpt":"1. Objeto La presente Pol\u00edtica de Cookies forma parte integrante de las Condiciones de Uso y la Pol\u00edtica de Privacidad del sitio web www.mtkstudio.es (en adelante, el \u00abSitio Web\u00bb o la \u00abP\u00e1gina Web\u00bb). El acceso, la navegaci\u00f3n y el uso de los servicios del Sitio Web implican la aceptaci\u00f3n de los t\u00e9rminos recogidos en las&hellip;","_links":{"self":[{"href":"https:\/\/mtkstudio.es\/en\/wp-json\/wp\/v2\/pages\/2597","targetHints":{"allow":["GET"]}}],"collection":[{"href":"https:\/\/mtkstudio.es\/en\/wp-json\/wp\/v2\/pages"}],"about":[{"href":"https:\/\/mtkstudio.es\/en\/wp-json\/wp\/v2\/types\/page"}],"author":[{"embeddable":true,"href":"https:\/\/mtkstudio.es\/en\/wp-json\/wp\/v2\/users\/1"}],"replies":[{"embeddable":true,"href":"https:\/\/mtkstudio.es\/en\/wp-json\/wp\/v2\/comments?post=2597"}],"version-history":[{"count":15,"href":"https:\/\/mtkstudio.es\/en\/wp-json\/wp\/v2\/pages\/2597\/revisions"}],"predecessor-version":[{"id":4181,"href":"https:\/\/mtkstudio.es\/en\/wp-json\/wp\/v2\/pages\/2597\/revisions\/4181"}],"wp:attachment":[{"href":"https:\/\/mtkstudio.es\/en\/wp-json\/wp\/v2\/media?parent=2597"}],"curies":[{"name":"wp","href":"https:\/\/api.w.org\/{rel}","templated":true}]}}